{"id":651,"date":"2020-02-18T23:00:07","date_gmt":"2020-02-18T22:00:07","guid":{"rendered":"https:\/\/kajima.pl\/contact\/"},"modified":"2026-03-26T08:47:25","modified_gmt":"2026-03-26T07:47:25","slug":"contact","status":"publish","type":"page","link":"https:\/\/kajima.pl\/en\/contact\/","title":{"rendered":"Contact"},"content":{"rendered":"\n<div class=\"wp-block-group\"><div class=\"wp-block-group__inner-container is-layout-flow wp-block-group-is-layout-flow\"><div id=\"contact-row-block_9c8fea25a1ef32fdb8dbbd166db0d5de\" class=\"contact-row\">\r\n  <div class=\"row row-cols-lg-2\">\r\n    <div class=\"contact-row__content\">\r\n      <div class=\"row row-cols-lg-auto\">\r\n        <div class=\"contact-row__icon-main\">\r\n          <img loading=\"lazy\" decoding=\"async\" width=\"70\" height=\"69\" src=\"https:\/\/kajima.pl\/wp-content\/uploads\/2021\/10\/location.png\" class=\"\" alt=\"\" \/>        <\/div>\r\n        <div class=\"contact-row__data\">\r\n          <h2 class=\"contact-row__title\">Headquarters<\/h2>\r\n          <address class=\"contact-row__address\">Kajima Poland Sp. z o.o.<br>\r\n00-110 Warsaw<br>\r\n107 Marsza\u0142kowska Street<br>\r\nCentral Point building<\/address>\r\n          <a class=\"contact-row__show-route\" href=\"https:\/\/www.google.com\/maps\/dir\/?api=1&#038;destination=52.23534692949293,21.007299990190287\" target=\"_blank\">View the route<\/a>\r\n          <div class=\"contact-row__contact-elements\">\r\n                            <div class=\"contact-row__contact-element\">\r\n                  <svg aria-hidden=\"true\" data-prefix=\"fas\" data-icon=\"phone-square\" class=\"svg-inline--fa fa-phone-square fa-w-14\" xmlns=\"http:\/\/www.w3.org\/2000\/svg\" viewBox=\"0 0 448 512\"><path fill=\"currentColor\" d=\"M400 32H48C21.49 32 0 53.49 0 80v352c0 26.51 21.49 48 48 48h352c26.51 0 48-21.49 48-48V80c0-26.51-21.49-48-48-48zM94 416c-7.033 0-13.057-4.873-14.616-11.627l-14.998-65a15 15 0 0 1 8.707-17.16l69.998-29.999a15 15 0 0 1 17.518 4.289l30.997 37.885c48.944-22.963 88.297-62.858 110.781-110.78l-37.886-30.997a15.001 15.001 0 0 1-4.289-17.518l30-69.998a15 15 0 0 1 17.16-8.707l65 14.998A14.997 14.997 0 0 1 384 126c0 160.292-129.945 290-290 290z\"\/><\/svg>                  <a href=\"tel:+48222439615\" target=\"_blank\">tel: +48 (22) 243 96 15<\/a>\r\n                <\/div>\r\n                            <div class=\"contact-row__contact-element\">\r\n                  <svg aria-hidden=\"true\" data-prefix=\"fas\" data-icon=\"envelope-open\" class=\"svg-inline--fa fa-envelope-open fa-w-16\" xmlns=\"http:\/\/www.w3.org\/2000\/svg\" viewBox=\"0 0 512 512\"><path fill=\"currentColor\" d=\"M512 464c0 26.51-21.49 48-48 48H48c-26.51 0-48-21.49-48-48V200.724a48 48 0 0 1 18.387-37.776c24.913-19.529 45.501-35.365 164.2-121.511C199.412 29.17 232.797-.347 256 .003c23.198-.354 56.596 29.172 73.413 41.433 118.687 86.137 139.303 101.995 164.2 121.512A48 48 0 0 1 512 200.724V464zm-65.666-196.605c-2.563-3.728-7.7-4.595-11.339-1.907-22.845 16.873-55.462 40.705-105.582 77.079-16.825 12.266-50.21 41.781-73.413 41.43-23.211.344-56.559-29.143-73.413-41.43-50.114-36.37-82.734-60.204-105.582-77.079-3.639-2.688-8.776-1.821-11.339 1.907l-9.072 13.196a7.998 7.998 0 0 0 1.839 10.967c22.887 16.899 55.454 40.69 105.303 76.868 20.274 14.781 56.524 47.813 92.264 47.573 35.724.242 71.961-32.771 92.263-47.573 49.85-36.179 82.418-59.97 105.303-76.868a7.998 7.998 0 0 0 1.839-10.967l-9.071-13.196z\"\/><\/svg>                  <a href=\"mailto:kontakt@kajimaeurope.com\" target=\"_blank\">email: kontakt@kajimaeurope.com<\/a>\r\n                <\/div>\r\n                      <\/div>\r\n        <\/div>\r\n      <\/div>\r\n    <\/div>\r\n    <div class=\"contact-row__map\"><iframe src=\"https:\/\/www.google.com\/maps\/embed?pb=!1m17!1m12!1m3!1d2443.432986467938!2d21.00708740491417!3d52.2355186333797!2m3!1f0!2f0!3f0!3m2!1i1024!2i768!4f13.1!3m2!1m1!2zNTLCsDE0JzA3LjMiTiAyMcKwMDAnMjYuMyJF!5e0!3m2!1spl!2spl!4v1718012888593!5m2!1spl!2spl\" width=\"800\" style=\"border:0;\" allowfullscreen=\"\" loading=\"lazy\" referrerpolicy=\"no-referrer-when-downgrade\"><\/iframe><\/div>\r\n  <\/div>\r\n<\/div>\r\n\n\n<div id=\"contact-row-block_8db695dcdc0ebc3a601d7c98691237d8\" class=\"contact-row\">\r\n  <div class=\"row row-cols-lg-2\">\r\n    <div class=\"contact-row__content\">\r\n      <div class=\"row row-cols-lg-auto\">\r\n        <div class=\"contact-row__icon-main\">\r\n          <img loading=\"lazy\" decoding=\"async\" width=\"70\" height=\"69\" src=\"https:\/\/kajima.pl\/wp-content\/uploads\/2021\/10\/location.png\" class=\"\" alt=\"\" \/>        <\/div>\r\n        <div class=\"contact-row__data\">\r\n          <h2 class=\"contact-row__title\">Regional office<\/h2>\r\n          <address class=\"contact-row__address\">50-141 Wroclaw<br>\r\nplac Nowy Targ 28<br>\r\nNowy Targ building <\/address>\r\n          <a class=\"contact-row__show-route\" href=\"https:\/\/www.google.com\/maps\/dir\/?api=1&#038;destination=plac+Nowy+Targ+28+50-141+Wroc%C5%82aw&#038;travelmode=driving\" target=\"_blank\">View the route<\/a>\r\n          <div class=\"contact-row__contact-elements\">\r\n                            <div class=\"contact-row__contact-element\">\r\n                  <svg aria-hidden=\"true\" data-prefix=\"fas\" data-icon=\"phone-square\" class=\"svg-inline--fa fa-phone-square fa-w-14\" xmlns=\"http:\/\/www.w3.org\/2000\/svg\" viewBox=\"0 0 448 512\"><path fill=\"currentColor\" d=\"M400 32H48C21.49 32 0 53.49 0 80v352c0 26.51 21.49 48 48 48h352c26.51 0 48-21.49 48-48V80c0-26.51-21.49-48-48-48zM94 416c-7.033 0-13.057-4.873-14.616-11.627l-14.998-65a15 15 0 0 1 8.707-17.16l69.998-29.999a15 15 0 0 1 17.518 4.289l30.997 37.885c48.944-22.963 88.297-62.858 110.781-110.78l-37.886-30.997a15.001 15.001 0 0 1-4.289-17.518l30-69.998a15 15 0 0 1 17.16-8.707l65 14.998A14.997 14.997 0 0 1 384 126c0 160.292-129.945 290-290 290z\"\/><\/svg>                  <a href=\"tel:+48717983015\" target=\"_blank\">tel: +48 (71) 798 30 15<\/a>\r\n                <\/div>\r\n                            <div class=\"contact-row__contact-element\">\r\n                  <svg aria-hidden=\"true\" data-prefix=\"fas\" data-icon=\"envelope-open\" class=\"svg-inline--fa fa-envelope-open fa-w-16\" xmlns=\"http:\/\/www.w3.org\/2000\/svg\" viewBox=\"0 0 512 512\"><path fill=\"currentColor\" d=\"M512 464c0 26.51-21.49 48-48 48H48c-26.51 0-48-21.49-48-48V200.724a48 48 0 0 1 18.387-37.776c24.913-19.529 45.501-35.365 164.2-121.511C199.412 29.17 232.797-.347 256 .003c23.198-.354 56.596 29.172 73.413 41.433 118.687 86.137 139.303 101.995 164.2 121.512A48 48 0 0 1 512 200.724V464zm-65.666-196.605c-2.563-3.728-7.7-4.595-11.339-1.907-22.845 16.873-55.462 40.705-105.582 77.079-16.825 12.266-50.21 41.781-73.413 41.43-23.211.344-56.559-29.143-73.413-41.43-50.114-36.37-82.734-60.204-105.582-77.079-3.639-2.688-8.776-1.821-11.339 1.907l-9.072 13.196a7.998 7.998 0 0 0 1.839 10.967c22.887 16.899 55.454 40.69 105.303 76.868 20.274 14.781 56.524 47.813 92.264 47.573 35.724.242 71.961-32.771 92.263-47.573 49.85-36.179 82.418-59.97 105.303-76.868a7.998 7.998 0 0 0 1.839-10.967l-9.071-13.196z\"\/><\/svg>                  <a href=\"mailto:kontakt@kajimaeurope.com\" target=\"_blank\">email: kontakt@kajimaeurope.com<\/a>\r\n                <\/div>\r\n                      <\/div>\r\n        <\/div>\r\n      <\/div>\r\n    <\/div>\r\n    <div class=\"contact-row__map\"><iframe src=\"https:\/\/www.google.com\/maps\/embed?pb=!1m18!1m12!1m3!1d2504.8835959378607!2d17.037177965391407!3d51.11060782003194!2m3!1f0!2f0!3f0!3m2!1i1024!2i768!4f13.1!3m3!1m2!1s0x470fc32596762dab%3A0xcbce1f06bf666b52!2splac%20Nowy%20Targ%2028%2C%2050-141%20Wroc%C5%82aw!5e0!3m2!1spl!2spl!4v1710768559922!5m2!1spl!2spl\" width=\"800\" frameborder=\"0\" style=\"border:0;\" allowfullscreen=\"\"><\/iframe><\/div>\r\n  <\/div>\r\n<\/div>\r\n\n\n<div id=\"contact-row-block_13bb3e8d438c2872b6931acb4cde2e17\" class=\"contact-row\">\r\n  <div class=\"row row-cols-lg-2\">\r\n    <div class=\"contact-row__content\">\r\n      <div class=\"row row-cols-lg-auto\">\r\n        <div class=\"contact-row__icon-main\">\r\n          <img loading=\"lazy\" decoding=\"async\" width=\"70\" height=\"69\" src=\"https:\/\/kajima.pl\/wp-content\/uploads\/2021\/10\/location.png\" class=\"\" alt=\"\" \/>        <\/div>\r\n        <div class=\"contact-row__data\">\r\n          <h2 class=\"contact-row__title\">Regional office<\/h2>\r\n          <address class=\"contact-row__address\">90-033 \u0141\u00f3d\u017a<br>\r\n77 Kopci\u0144skiego St.<br>\r\nCentrum Biznesowe Kopci\u0144skiego building\r\n<\/address>\r\n          <a class=\"contact-row__show-route\" href=\"https:\/\/www.google.com\/maps\/search\/?api=1&#038;query=ul.+dr.+Stefana+Kopci%C5%84skiego+77,+90-033+%C5%81%C3%B3d%C5%BA\" target=\"_blank\">View the route<\/a>\r\n          <div class=\"contact-row__contact-elements\">\r\n                      <\/div>\r\n        <\/div>\r\n      <\/div>\r\n    <\/div>\r\n    <div class=\"contact-row__map\"><iframe src=\"https:\/\/www.google.com\/maps\/embed?pb=!1m18!1m12!1m3!1d1746.0775595184475!2d19.48262577235586!3d51.763636883425306!2m3!1f0!2f0!3f0!3m2!1i1024!2i768!4f13.1!3m3!1m2!1s0x471bcb34457970d7%3A0xd7458bcbc315c007!2zZHIuIFN0ZWZhbmEgS29wY2nFhHNraWVnbyA3NywgOTAtMDMzIMWBw7Nkxbo!5e0!3m2!1spl!2spl!4v1763460251614!5m2!1spl!2spl\" width=\"800\" style=\"border:0;\" allowfullscreen=\"\" loading=\"lazy\" referrerpolicy=\"no-referrer-when-downgrade\"><\/iframe><\/div>\r\n  <\/div>\r\n<\/div>\r\n\n\n<div id=\"contact-row-block_ccc7d485988a0c4f06dd8346425a4ae9\" class=\"contact-row\">\r\n  <div class=\"row row-cols-lg-2\">\r\n    <div class=\"contact-row__content\">\r\n      <div class=\"row row-cols-lg-auto\">\r\n        <div class=\"contact-row__icon-main\">\r\n          <img loading=\"lazy\" decoding=\"async\" width=\"70\" height=\"69\" src=\"https:\/\/kajima.pl\/wp-content\/uploads\/2021\/10\/location.png\" class=\"\" alt=\"\" \/>        <\/div>\r\n        <div class=\"contact-row__data\">\r\n          <h2 class=\"contact-row__title\">Regional office<\/h2>\r\n          <address class=\"contact-row__address\">44-100 Gliwice<br>\r\n38 P\u0142a\u017cy\u0144skiego St.<br>\r\nBudynek Red Office\r\n<\/address>\r\n          <a class=\"contact-row__show-route\" href=\"https:\/\/www.google.com\/maps\/dir\/?api=1&#038;destination=Macieja+P%C5%82a%C5%BCy%C5%84skiego+38,+44-100+Gliwice&#038;travelmode=driving\" target=\"_blank\">View the route<\/a>\r\n          <div class=\"contact-row__contact-elements\">\r\n                      <\/div>\r\n        <\/div>\r\n      <\/div>\r\n    <\/div>\r\n    <div class=\"contact-row__map\"><iframe src=\"https:\/\/www.google.com\/maps\/embed?pb=!1m18!1m12!1m3!1d5100.270222633695!2d18.691660985697634!3d50.270735791395516!2m3!1f0!2f0!3f0!3m2!1i1024!2i768!4f13.1!3m3!1m2!1s0x4711316ab360a6b3%3A0x9fbd6d9946a55cdd!2sMacieja%20P%C5%82a%C5%BCy%C5%84skiego%2038%2C%2044-100%20Gliwice!5e0!3m2!1spl!2spl!4v1774510999770!5m2!1spl!2spl\" width=\"800\" style=\"border:0;\" allowfullscreen=\"\" loading=\"lazy\" referrerpolicy=\"no-referrer-when-downgrade\"><\/iframe><\/div>\r\n  <\/div>\r\n<\/div>\r\n<\/div><\/div>\n\n\n\n<div class=\"wp-block-group group-pl-86\"><div class=\"wp-block-group__inner-container is-layout-flow wp-block-group-is-layout-flow\">\n<h2 class=\"wp-block-heading\">Registration data<\/h2>\n\n\n\n<p>Kajima Poland Sp. z o.o. with its registered office in Warsaw 00-110, at ul. Marsza\u0142kowska 107, entered to the Register of Entrepreneurs of the National Court Register under KRS number 00000334065, kept by the District Court for the Capital City of Warsaw, 12th Commercial Division of the National Court Register, with share capital of PLN 21.000.000,00, NIP (VAT ID): 527-26-08-161, REGON: 141961144.<\/p>\n<\/div><\/div>\n","protected":false},"excerpt":{"rendered":"<p>Registration data Kajima Poland Sp. z o.o. with its registered office in Warsaw 00-110, at ul. Marsza\u0142kowska 107, entered to the Register of Entrepreneurs of the National Court Register under KRS number 00000334065, kept by the District Court for the Capital City of Warsaw, 12th Commercial Division of the National Court Register, with share capital [&hellip;]<\/p>\n","protected":false},"author":3,"featured_media":0,"parent":0,"menu_order":12,"comment_status":"closed","ping_status":"closed","template":"template-footer-mini.php","meta":{"_acf_changed":false,"inline_featured_image":false,"footnotes":""},"class_list":["post-651","page","type-page","status-publish","hentry"],"acf":[],"yoast_head":"<!-- This site is optimized with the Yoast SEO plugin v27.4 - https:\/\/yoast.com\/product\/yoast-seo-wordpress\/ -->\n<title>Contact - Kajima Poland<\/title>\n<meta name=\"description\" content=\"Registration data Kajima Poland Sp. z o.o. with its registered office in Warsaw 00-110, at ul. Marsza\u0142kowska 107, entered to the Register of Entrepreneurs\" \/>\n<meta name=\"robots\" content=\"index, follow, max-snippet:-1, max-image-preview:large, max-video-preview:-1\" \/>\n<link rel=\"canonical\" href=\"https:\/\/kajima.pl\/en\/contact\/\" \/>\n<meta property=\"og:locale\" content=\"en_US\" \/>\n<meta property=\"og:type\" content=\"article\" \/>\n<meta property=\"og:title\" content=\"Contact - Kajima Poland\" \/>\n<meta property=\"og:description\" content=\"Registration data Kajima Poland Sp. z o.o. with its registered office in Warsaw 00-110, at ul. Marsza\u0142kowska 107, entered to the Register of Entrepreneurs\" \/>\n<meta property=\"og:url\" content=\"https:\/\/kajima.pl\/en\/contact\/\" \/>\n<meta property=\"og:site_name\" content=\"Kajima Poland\" \/>\n<meta property=\"article:publisher\" content=\"https:\/\/www.facebook.com\/Kajima-Poland-1283700675107739\" \/>\n<meta property=\"article:modified_time\" content=\"2026-03-26T07:47:25+00:00\" \/>\n<meta name=\"twitter:card\" content=\"summary_large_image\" \/>\n<script type=\"application\/ld+json\" class=\"yoast-schema-graph\">{\"@context\":\"https:\\\/\\\/schema.org\",\"@graph\":[{\"@type\":\"WebPage\",\"@id\":\"https:\\\/\\\/kajima.pl\\\/en\\\/contact\\\/\",\"url\":\"https:\\\/\\\/kajima.pl\\\/en\\\/contact\\\/\",\"name\":\"Contact - Kajima Poland\",\"isPartOf\":{\"@id\":\"https:\\\/\\\/kajima.pl\\\/#website\"},\"datePublished\":\"2020-02-18T22:00:07+00:00\",\"dateModified\":\"2026-03-26T07:47:25+00:00\",\"description\":\"Registration data Kajima Poland Sp. z o.o. with its registered office in Warsaw 00-110, at ul. Marsza\u0142kowska 107, entered to the Register of Entrepreneurs\",\"breadcrumb\":{\"@id\":\"https:\\\/\\\/kajima.pl\\\/en\\\/contact\\\/#breadcrumb\"},\"inLanguage\":\"en-US\",\"potentialAction\":[{\"@type\":\"ReadAction\",\"target\":[\"https:\\\/\\\/kajima.pl\\\/en\\\/contact\\\/\"]}]},{\"@type\":\"BreadcrumbList\",\"@id\":\"https:\\\/\\\/kajima.pl\\\/en\\\/contact\\\/#breadcrumb\",\"itemListElement\":[{\"@type\":\"ListItem\",\"position\":1,\"name\":\"Strona g\u0142\u00f3wna\",\"item\":\"https:\\\/\\\/kajima.pl\\\/en\\\/\"},{\"@type\":\"ListItem\",\"position\":2,\"name\":\"Contact\"}]},{\"@type\":\"WebSite\",\"@id\":\"https:\\\/\\\/kajima.pl\\\/#website\",\"url\":\"https:\\\/\\\/kajima.pl\\\/\",\"name\":\"Kajima Poland\",\"description\":\"Kajima\",\"publisher\":{\"@id\":\"https:\\\/\\\/kajima.pl\\\/#organization\"},\"potentialAction\":[{\"@type\":\"SearchAction\",\"target\":{\"@type\":\"EntryPoint\",\"urlTemplate\":\"https:\\\/\\\/kajima.pl\\\/?s={search_term_string}\"},\"query-input\":{\"@type\":\"PropertyValueSpecification\",\"valueRequired\":true,\"valueName\":\"search_term_string\"}}],\"inLanguage\":\"en-US\"},{\"@type\":\"Organization\",\"@id\":\"https:\\\/\\\/kajima.pl\\\/#organization\",\"name\":\"Kajima Poland\",\"url\":\"https:\\\/\\\/kajima.pl\\\/\",\"logo\":{\"@type\":\"ImageObject\",\"inLanguage\":\"en-US\",\"@id\":\"https:\\\/\\\/kajima.pl\\\/#\\\/schema\\\/logo\\\/image\\\/\",\"url\":\"https:\\\/\\\/kajima.pl\\\/wp-content\\\/uploads\\\/2021\\\/10\\\/kajima-logo-normal.svg\",\"contentUrl\":\"https:\\\/\\\/kajima.pl\\\/wp-content\\\/uploads\\\/2021\\\/10\\\/kajima-logo-normal.svg\",\"width\":97,\"height\":25,\"caption\":\"Kajima Poland\"},\"image\":{\"@id\":\"https:\\\/\\\/kajima.pl\\\/#\\\/schema\\\/logo\\\/image\\\/\"},\"sameAs\":[\"https:\\\/\\\/www.facebook.com\\\/Kajima-Poland-1283700675107739\",\"https:\\\/\\\/www.linkedin.com\\\/company\\\/kajima-poland-sp-z-o-o\\\/\"]}]}<\/script>\n<!-- \/ Yoast SEO plugin. -->","yoast_head_json":{"title":"Contact - Kajima Poland","description":"Registration data Kajima Poland Sp. z o.o. with its registered office in Warsaw 00-110, at ul. Marsza\u0142kowska 107, entered to the Register of Entrepreneurs","robots":{"index":"index","follow":"follow","max-snippet":"max-snippet:-1","max-image-preview":"max-image-preview:large","max-video-preview":"max-video-preview:-1"},"canonical":"https:\/\/kajima.pl\/en\/contact\/","og_locale":"en_US","og_type":"article","og_title":"Contact - Kajima Poland","og_description":"Registration data Kajima Poland Sp. z o.o. with its registered office in Warsaw 00-110, at ul. Marsza\u0142kowska 107, entered to the Register of Entrepreneurs","og_url":"https:\/\/kajima.pl\/en\/contact\/","og_site_name":"Kajima Poland","article_publisher":"https:\/\/www.facebook.com\/Kajima-Poland-1283700675107739","article_modified_time":"2026-03-26T07:47:25+00:00","twitter_card":"summary_large_image","schema":{"@context":"https:\/\/schema.org","@graph":[{"@type":"WebPage","@id":"https:\/\/kajima.pl\/en\/contact\/","url":"https:\/\/kajima.pl\/en\/contact\/","name":"Contact - Kajima Poland","isPartOf":{"@id":"https:\/\/kajima.pl\/#website"},"datePublished":"2020-02-18T22:00:07+00:00","dateModified":"2026-03-26T07:47:25+00:00","description":"Registration data Kajima Poland Sp. z o.o. with its registered office in Warsaw 00-110, at ul. Marsza\u0142kowska 107, entered to the Register of Entrepreneurs","breadcrumb":{"@id":"https:\/\/kajima.pl\/en\/contact\/#breadcrumb"},"inLanguage":"en-US","potentialAction":[{"@type":"ReadAction","target":["https:\/\/kajima.pl\/en\/contact\/"]}]},{"@type":"BreadcrumbList","@id":"https:\/\/kajima.pl\/en\/contact\/#breadcrumb","itemListElement":[{"@type":"ListItem","position":1,"name":"Strona g\u0142\u00f3wna","item":"https:\/\/kajima.pl\/en\/"},{"@type":"ListItem","position":2,"name":"Contact"}]},{"@type":"WebSite","@id":"https:\/\/kajima.pl\/#website","url":"https:\/\/kajima.pl\/","name":"Kajima Poland","description":"Kajima","publisher":{"@id":"https:\/\/kajima.pl\/#organization"},"potentialAction":[{"@type":"SearchAction","target":{"@type":"EntryPoint","urlTemplate":"https:\/\/kajima.pl\/?s={search_term_string}"},"query-input":{"@type":"PropertyValueSpecification","valueRequired":true,"valueName":"search_term_string"}}],"inLanguage":"en-US"},{"@type":"Organization","@id":"https:\/\/kajima.pl\/#organization","name":"Kajima Poland","url":"https:\/\/kajima.pl\/","logo":{"@type":"ImageObject","inLanguage":"en-US","@id":"https:\/\/kajima.pl\/#\/schema\/logo\/image\/","url":"https:\/\/kajima.pl\/wp-content\/uploads\/2021\/10\/kajima-logo-normal.svg","contentUrl":"https:\/\/kajima.pl\/wp-content\/uploads\/2021\/10\/kajima-logo-normal.svg","width":97,"height":25,"caption":"Kajima Poland"},"image":{"@id":"https:\/\/kajima.pl\/#\/schema\/logo\/image\/"},"sameAs":["https:\/\/www.facebook.com\/Kajima-Poland-1283700675107739","https:\/\/www.linkedin.com\/company\/kajima-poland-sp-z-o-o\/"]}]}},"_links":{"self":[{"href":"https:\/\/kajima.pl\/en\/wp-json\/wp\/v2\/pages\/651","targetHints":{"allow":["GET"]}}],"collection":[{"href":"https:\/\/kajima.pl\/en\/wp-json\/wp\/v2\/pages"}],"about":[{"href":"https:\/\/kajima.pl\/en\/wp-json\/wp\/v2\/types\/page"}],"author":[{"embeddable":true,"href":"https:\/\/kajima.pl\/en\/wp-json\/wp\/v2\/users\/3"}],"replies":[{"embeddable":true,"href":"https:\/\/kajima.pl\/en\/wp-json\/wp\/v2\/comments?post=651"}],"version-history":[{"count":4,"href":"https:\/\/kajima.pl\/en\/wp-json\/wp\/v2\/pages\/651\/revisions"}],"predecessor-version":[{"id":8918,"href":"https:\/\/kajima.pl\/en\/wp-json\/wp\/v2\/pages\/651\/revisions\/8918"}],"wp:attachment":[{"href":"https:\/\/kajima.pl\/en\/wp-json\/wp\/v2\/media?parent=651"}],"curies":[{"name":"wp","href":"https:\/\/api.w.org\/{rel}","templated":true}]}}