{"id":6,"date":"2025-04-01T15:50:23","date_gmt":"2025-04-01T13:50:23","guid":{"rendered":"https:\/\/kajima.pl\/dzienziemi\/?page_id=6"},"modified":"2025-04-22T11:30:17","modified_gmt":"2025-04-22T09:30:17","slug":"dzien-ziemi-2025","status":"publish","type":"page","link":"https:\/\/kajima.pl\/dzienziemi\/","title":{"rendered":"Dzie\u0144 Ziemi 2025"},"content":{"rendered":"<section class=\"alignfull hero\">\r\n  <div class=\"hero__bg\">\r\n    <div class=\"hero__bg--left-side\"><\/div>\r\n    <div class=\"hero__bg--right-side\">\r\n      <div class=\"hero__bg--sign\">\r\n        <svg aira-hidden=\"true\" xmlns=\"http:\/\/www.w3.org\/2000\/svg\" viewBox=\"0 0 310.5 311.24\">\r\n  <rect y=\"121.04\" width=\"70.4\" height=\"190.2\" \/>\r\n  <rect width=\"70.4\" height=\"71.64\" \/>\r\n  <rect x=\"119.8\" y=\"121.04\" width=\"70.4\" height=\"190.2\" \/>\r\n  <path d=\"m256.15,0H119.8v71.64h99.3c11.12,0,21,9.88,21,21h0v218.61h70.4V54.34h0c0-30.88-23.47-54.34-54.34-54.34Z\" \/>\r\n<\/svg>      <\/div>\r\n    <\/div>\r\n  <\/div>\r\n  <div class=\"container\">\r\n    <div class=\"row hero__row\">\r\n      <div class=\"hero__content col-lg-5 col-xl-5\">\r\n        <div class=\"acf-innerblocks-container\">\n\n<p class=\"overtitle has-text-color has-link-color wp-elements-85f613d1708b559626498c4db15dbf55\" style=\"color:#009432\">Dzie\u0144 Ziemi<\/p>\n\n\n\n<h1 class=\"wp-block-heading\">Co robimy z odpadami na naszych  budowach?<\/h1>\n\n\n\n<p>Na naszych budowach stawiamy na odpowiedzialne zarz\u0105dzanie odpadami \u2013 odzyskujemy surowce, ograniczamy ilo\u015b\u0107 odpad\u00f3w i dajemy drugie \u017cycie materia\u0142om. Dzia\u0142amy z my\u015bl\u0105 o planecie \u2013 ka\u017cdego dnia, na ka\u017cdej inwestycji.<\/p>\n\n\n\n<p class=\"mt-2\"><strong>W 2024 roku na 24 projektach o \u015bredniej powierzchni 30 000 mkw. wytworzyli\u015bmy \u0142\u0105cznie ok. 2000 ton odpad\u00f3w. Tyle wa\u017cy ok. 1300 samochod\u00f3w osobowych!<\/strong><\/p>\n\n<\/div>\r\n      <\/div>\r\n      <div class=\"col-lg-7 col-xl-6\">\r\n        <div class=\"hero__image\"><img fetchpriority=\"high\" decoding=\"async\" width=\"900\" height=\"600\" src=\"https:\/\/kajima.pl\/dzienziemi\/wp-content\/uploads\/2025\/04\/small-hero.jpg\" class=\"attachment-full size-full\" alt=\"\" aria-hidden=\"true\" loading=\"eager\" srcset=\"https:\/\/kajima.pl\/dzienziemi\/wp-content\/uploads\/2025\/04\/small-hero.jpg 900w, https:\/\/kajima.pl\/dzienziemi\/wp-content\/uploads\/2025\/04\/small-hero-300x200.jpg 300w, https:\/\/kajima.pl\/dzienziemi\/wp-content\/uploads\/2025\/04\/small-hero-768x512.jpg 768w\" sizes=\"(max-width: 900px) 100vw, 900px\" \/><\/div>      <\/div>\r\n    <\/div>\r\n  <\/div>\r\n<\/section>\n\n\n<div id=\"odzysk\" class=\"wp-block-group\"><div class=\"wp-block-group__inner-container is-layout-constrained wp-block-group-is-layout-constrained\"><div id=\"section-two-column-block_e26befd08b5049afd39a6ca876ccd4a5\" class=\"section-two-column\">\r\n  <div class=\"row g-4 g-lg-5\" data-reveal-on-scroll=\"zoom\">\r\n              <div class=\"section-two-column__col section-two-column__col-content col-lg-6\">\r\n            <div class=\"section-two-column__content\">\r\n                              <div class=\"overtitle\">Odzysk<\/div>\r\n                              <h2 class=\"section-two-column__subtitle \">Z 2000 ton odpad\u00f3w z bud\u00f3w finalnie do odzysku przeznaczone zosta\u0142o 85%*.  <\/h2>\r\n                              <div class=\"divider section-two-column__divider\"><\/div>\r\n                            <div class=\"section-two-column__desc mb-2\"><p>Odzysk odpad\u00f3w na budowie 7R PARK WROC\u0141AW II wyni\u00f3s\u0142 ponad 95%!<\/p>\n<p>Magazyn z linii 7R Green Saver, uzyska\u0142 wynik 95,6% w certyfikacji BREEAM International New Construction w wersji 6. To najwy\u017csza ocena przyznana budynkowi przemys\u0142owemu w Europie kontynentalnej. Do uzyskania tak wysokiego wyniku przyczyni\u0142a si\u0119 m.in. skuteczna gospodarka odpadami na etapie budowy.<\/p>\n<p><em>*W tym projekty z BREEAM i LEED<\/em><\/p>\n<\/div>\r\n                <div class=\"btn-wrapper btn-wrapper--left\">\r\n            <a  class=\"btn btn--secondary btn--normal \" target=\"_blank\" href=\"https:\/\/www.youtube.com\/watch?v=QEgDPknlZ9Q\">\r\n          <span aria-hidden=\"true\" class=\"btn-icon\">\r\n            <svg xmlns=\"http:\/\/www.w3.org\/2000\/svg\" height=\"16\" width=\"16\" viewBox=\"0 0 512 512\">\r\n  <path d=\"M502.6 278.6c12.5-12.5 12.5-32.8 0-45.3l-128-128c-12.5-12.5-32.8-12.5-45.3 0s-12.5 32.8 0 45.3L402.7 224 32 224c-17.7 0-32 14.3-32 32s14.3 32 32 32l370.7 0-73.4 73.4c-12.5 12.5-12.5 32.8 0 45.3s32.8 12.5 45.3 0l128-128z\" \/>\r\n<\/svg>          <\/span>\r\n          Obejrzyj        <\/a>\r\n      <\/div>\r\n            <\/div>\r\n          <\/div>\r\n                <div class=\"section-two-column__col section-two-column__col-image col-lg-6\">\r\n            <div class=\"section-two-column__image-container\">\r\n              <img loading=\"lazy\" decoding=\"async\" width=\"700\" height=\"478\" src=\"https:\/\/kajima.pl\/dzienziemi\/wp-content\/uploads\/2025\/04\/kajima-odzysk.jpg\" class=\"section-two-column__image\" alt=\"\" srcset=\"https:\/\/kajima.pl\/dzienziemi\/wp-content\/uploads\/2025\/04\/kajima-odzysk.jpg 700w, https:\/\/kajima.pl\/dzienziemi\/wp-content\/uploads\/2025\/04\/kajima-odzysk-300x205.jpg 300w\" sizes=\"auto, (max-width: 700px) 100vw, 700px\" \/>            <\/div>\r\n          <\/div>\r\n          <\/div>\r\n<\/div>\r\n<\/div><\/div>\n\n\n\r\n<div id=\"section-two-column-with-dark-bg-block_8942df4d92e75a64d3b82ead801f4e6b\" class=\"section-two-column-with-dark-bg przekrusz\">\r\n  <div class=\"background__container\">\r\n    <div class=\"background__image\">\r\n      <img loading=\"lazy\" decoding=\"async\" width=\"1903\" height=\"1267\" src=\"https:\/\/kajima.pl\/dzienziemi\/wp-content\/uploads\/2025\/04\/034-Legnica-Viessmann-3.jpg\" class=\"attachment-full size-full\" alt=\"\" srcset=\"https:\/\/kajima.pl\/dzienziemi\/wp-content\/uploads\/2025\/04\/034-Legnica-Viessmann-3.jpg 1903w, https:\/\/kajima.pl\/dzienziemi\/wp-content\/uploads\/2025\/04\/034-Legnica-Viessmann-3-300x200.jpg 300w, https:\/\/kajima.pl\/dzienziemi\/wp-content\/uploads\/2025\/04\/034-Legnica-Viessmann-3-1024x682.jpg 1024w, https:\/\/kajima.pl\/dzienziemi\/wp-content\/uploads\/2025\/04\/034-Legnica-Viessmann-3-768x511.jpg 768w, https:\/\/kajima.pl\/dzienziemi\/wp-content\/uploads\/2025\/04\/034-Legnica-Viessmann-3-1536x1023.jpg 1536w\" sizes=\"auto, (max-width: 1903px) 100vw, 1903px\" \/>    <\/div>\r\n    <div class=\"background__overlay section-two-column__overlay\"><\/div>\r\n    <div class=\"background__content wp-block-group \">\r\n      <div class=\"wp-block-group__inner-container\">\r\n        <div class=\"row g-4 g-lg-5\">\r\n          <div class=\"section-two-column__col col-lg-6 col-xl-6\"><\/div>\r\n          <div class=\"section-two-column__col col-lg-6 col-xl-6\">\r\n            <div class=\"section-two-column__content\">\r\n              <div class=\"overtitle color--secondary-light\">Przekrusz<\/div>\r\n              <h2 class=\"h2 section-two-column__subtitle color--white\">Przekrusz* uzyskany z rozbi\u00f3rek element\u00f3w betonowych wykorzystujemy do ponownego wbudowania pod nowymi drogami lub budynkiem.<\/h2>\r\n              <div class=\"qoute-bg__divider divider\"><\/div>\r\n              <div class=\"section-two-column__desc color--white\"><p><em>*materia\u0142 budowlany powsta\u0142y ze zmielonego betonu, cegie\u0142 lub asfaltu<\/em><\/p>\n<\/div>\r\n                          <\/div>\r\n          <\/div>\r\n        <\/div>\r\n      <\/div>\r\n    <\/div>\r\n  <\/div>\r\n<\/div>\r\n\r\n\n\n\n<div id=\"gospodarka-odpadami\" class=\"wp-block-group has-background\" style=\"background-color:#f6f6f6\"><div class=\"wp-block-group__inner-container is-layout-constrained wp-block-group-is-layout-constrained\"><div id=\"section-two-column-block_d35c085f61606d102bcf16fbad58a87a\" class=\"section-two-column\">\r\n  <div class=\"row g-4 g-lg-5\" data-reveal-on-scroll=\"zoom\">\r\n              <div class=\"section-two-column__col section-two-column__col-image col-lg-6\">\r\n            <div class=\"section-two-column__image-container\">\r\n              <img loading=\"lazy\" decoding=\"async\" width=\"1000\" height=\"640\" src=\"https:\/\/kajima.pl\/dzienziemi\/wp-content\/uploads\/2025\/04\/DSC08760-Edit_OSOBA.jpg\" class=\"section-two-column__image\" alt=\"\" srcset=\"https:\/\/kajima.pl\/dzienziemi\/wp-content\/uploads\/2025\/04\/DSC08760-Edit_OSOBA.jpg 1000w, https:\/\/kajima.pl\/dzienziemi\/wp-content\/uploads\/2025\/04\/DSC08760-Edit_OSOBA-300x192.jpg 300w, https:\/\/kajima.pl\/dzienziemi\/wp-content\/uploads\/2025\/04\/DSC08760-Edit_OSOBA-768x492.jpg 768w\" sizes=\"auto, (max-width: 1000px) 100vw, 1000px\" \/>            <\/div>\r\n          <\/div>\r\n                  <div class=\"section-two-column__col section-two-column__col-content col-lg-6\">\r\n            <div class=\"section-two-column__content\">\r\n                              <div class=\"overtitle\">Gospodarka odpadami<\/div>\r\n                              <h2 class=\"section-two-column__subtitle \">Za w\u0142a\u015bciw\u0105 gospodark\u0119 odpadami na naszych budowach odpowiada kierownik budowy. <\/h2>\r\n                              <div class=\"divider section-two-column__divider\"><\/div>\r\n                            <div class=\"section-two-column__desc mb-2\"><p>In\u017cynier budowy lub administrator budowy koordynuje dostaw\u0119 pustych kontener\u00f3w i odbi\u00f3r odpad\u00f3w. Pilnuje te\u017c w\u0142a\u015bciwej segregacji odpad\u00f3w i jest w kontakcie z firmami odbieraj\u0105cymi odpady.<\/p>\n<\/div>\r\n                          <\/div>\r\n          <\/div>\r\n        <\/div>\r\n<\/div>\r\n<\/div><\/div>\n\n\n\n<div id=\"palety\" class=\"wp-block-group\"><div class=\"wp-block-group__inner-container is-layout-constrained wp-block-group-is-layout-constrained\"><div id=\"section-two-column-block_c96e53a84411bfb9eff6537c1c9b6e27\" class=\"section-two-column\">\r\n  <div class=\"row g-4 g-lg-5\" data-reveal-on-scroll=\"zoom\">\r\n              <div class=\"section-two-column__col section-two-column__col-content col-lg-6\">\r\n            <div class=\"section-two-column__content\">\r\n                              <div class=\"overtitle\">Palety<\/div>\r\n                              <h2 class=\"section-two-column__subtitle \">Niepotrzebne drewniane palety cz\u0119sto przetwarzamy na sprz\u0119ty do naszego biura budowy: drewniane \u0142awki, stoliki, pojemniki do magazynowania drewna, skrzynki na kwiaty itp.<\/h2>\r\n                              <div class=\"divider section-two-column__divider\"><\/div>\r\n                            <div class=\"section-two-column__desc mb-2\"><p>Mo\u017cemy je te\u017c odda\u0107 pracownikom budowy do ich prywatnego wykorzystania: jako paliwo lub do ponownego u\u017cycia. Z niepotrzebnych palet, kt\u00f3re oddajemy jako odpad, po obr\u00f3bce powstaj\u0105 trociny, p\u0142yty wi\u00f3rowe, materia\u0142 opa\u0142owy lub w\u0119giel drzewny.<\/p>\n<p><em>Na zdj\u0119ciu biuro budowy City Point Targ\u00f3wek \u2013 I Etap, Warszawa, 2024<\/em><\/p>\n<\/div>\r\n                          <\/div>\r\n          <\/div>\r\n                <div class=\"section-two-column__col section-two-column__col-image col-lg-6\">\r\n            <div class=\"section-two-column__image-container\">\r\n              <img loading=\"lazy\" decoding=\"async\" width=\"1077\" height=\"969\" src=\"https:\/\/kajima.pl\/dzienziemi\/wp-content\/uploads\/2025\/04\/DSC8421_MN_Palety-recykling.jpg\" class=\"section-two-column__image\" alt=\"\" srcset=\"https:\/\/kajima.pl\/dzienziemi\/wp-content\/uploads\/2025\/04\/DSC8421_MN_Palety-recykling.jpg 1077w, https:\/\/kajima.pl\/dzienziemi\/wp-content\/uploads\/2025\/04\/DSC8421_MN_Palety-recykling-300x270.jpg 300w, https:\/\/kajima.pl\/dzienziemi\/wp-content\/uploads\/2025\/04\/DSC8421_MN_Palety-recykling-1024x921.jpg 1024w, https:\/\/kajima.pl\/dzienziemi\/wp-content\/uploads\/2025\/04\/DSC8421_MN_Palety-recykling-768x691.jpg 768w\" sizes=\"auto, (max-width: 1077px) 100vw, 1077px\" \/>            <\/div>\r\n          <\/div>\r\n          <\/div>\r\n<\/div>\r\n<\/div><\/div>\n\n\n\r\n<div id=\"section-two-column-with-dark-bg-block_74544e64de34a8e11ec75e61b4c0d462\" class=\"section-two-column-with-dark-bg przekrusz\">\r\n  <div class=\"background__container\">\r\n    <div class=\"background__image\">\r\n      <img loading=\"lazy\" decoding=\"async\" width=\"1000\" height=\"667\" src=\"https:\/\/kajima.pl\/dzienziemi\/wp-content\/uploads\/2025\/04\/DSC1771-Edit.jpg\" class=\"attachment-full size-full\" alt=\"\" srcset=\"https:\/\/kajima.pl\/dzienziemi\/wp-content\/uploads\/2025\/04\/DSC1771-Edit.jpg 1000w, https:\/\/kajima.pl\/dzienziemi\/wp-content\/uploads\/2025\/04\/DSC1771-Edit-300x200.jpg 300w, https:\/\/kajima.pl\/dzienziemi\/wp-content\/uploads\/2025\/04\/DSC1771-Edit-768x512.jpg 768w\" sizes=\"auto, (max-width: 1000px) 100vw, 1000px\" \/>    <\/div>\r\n    <div class=\"background__overlay section-two-column__overlay\"><\/div>\r\n    <div class=\"background__content wp-block-group \">\r\n      <div class=\"wp-block-group__inner-container\">\r\n        <div class=\"row g-4 g-lg-5\">\r\n          <div class=\"section-two-column__col col-lg-6 col-xl-6\"><\/div>\r\n          <div class=\"section-two-column__col col-lg-6 col-xl-6\">\r\n            <div class=\"section-two-column__content\">\r\n              <div class=\"overtitle color--secondary-light\">Humus<\/div>\r\n              <h2 class=\"h2 section-two-column__subtitle color--white\">Humus z wykop\u00f3w przydaje si\u0119 w tworzeniu nowych teren\u00f3w zielonych.<\/h2>\r\n              <div class=\"qoute-bg__divider divider\"><\/div>\r\n              <div class=\"section-two-column__desc color--white\"><p>Na ponowne wykorzystanie humus powinien czeka\u0107 oczyszczony z odpad\u00f3w, u\u0142o\u017cony w pryzm\u0119 i zabezpieczony przed rozje\u017cd\u017caniem pojazdami budowlanymi. Przed wysychaniem chroni gleb\u0119 naturalna ro\u015blinno\u015b\u0107, kt\u00f3ra kie\u0142kuje z banku nasion gleby. Ziemi\u0119 wykorzystujemy do wyr\u00f3wnywania i kszta\u0142towania terenu, do budowy nasyp\u00f3w i wa\u0142\u00f3w ziemnych.<\/p>\n<p><em>Na zdj\u0119ciu Student Depot Wilanowska, Warszawa (2023)<\/em><\/p>\n<\/div>\r\n                          <\/div>\r\n          <\/div>\r\n        <\/div>\r\n      <\/div>\r\n    <\/div>\r\n  <\/div>\r\n<\/div>\r\n\r\n\n\n\n<div id=\"firmy-zewnetrzne\" class=\"wp-block-group\"><div class=\"wp-block-group__inner-container is-layout-constrained wp-block-group-is-layout-constrained\"><div id=\"section-two-column-block_bd71e8f64553ba913782205cab96ab27\" class=\"section-two-column\">\r\n  <div class=\"row g-4 g-lg-5\" data-reveal-on-scroll=\"zoom\">\r\n              <div class=\"section-two-column__col section-two-column__col-content col-lg-6\">\r\n            <div class=\"section-two-column__content\">\r\n                              <div class=\"overtitle\">Firmy zewn\u0119trzne<\/div>\r\n                              <h2 class=\"section-two-column__subtitle \">Je\u017celi na budowie jest za ma\u0142o miejsca na kilka kontener\u00f3w przeznaczonych do r\u00f3\u017cnych typ\u00f3w odpad\u00f3w, segregacj\u0119 w naszym imieniu zlecamy firmie uprawnionej do odbioru i segregacji odpad\u00f3w. <\/h2>\r\n                              <div class=\"divider section-two-column__divider\"><\/div>\r\n                            <div class=\"section-two-column__desc mb-2\"><p>Nale\u017cy sprawdzi\u0107, czy odbiorca posiada niezb\u0119dne pozwolenia na gospodarowanie odpadami, w tym sortowanie. Uprawniony odbiorca odpad\u00f3w odbierze od nas zmieszane odpady budowlane i posegreguje je u siebie.<\/p>\n<\/div>\r\n                          <\/div>\r\n          <\/div>\r\n                <div class=\"section-two-column__col section-two-column__col-image col-lg-6\">\r\n            <div class=\"section-two-column__image-container\">\r\n              <img loading=\"lazy\" decoding=\"async\" width=\"1920\" height=\"1280\" src=\"https:\/\/kajima.pl\/dzienziemi\/wp-content\/uploads\/2025\/04\/IMG_8667_segregacja-na-budowie.jpg\" class=\"section-two-column__image\" alt=\"\" srcset=\"https:\/\/kajima.pl\/dzienziemi\/wp-content\/uploads\/2025\/04\/IMG_8667_segregacja-na-budowie.jpg 1920w, https:\/\/kajima.pl\/dzienziemi\/wp-content\/uploads\/2025\/04\/IMG_8667_segregacja-na-budowie-300x200.jpg 300w, https:\/\/kajima.pl\/dzienziemi\/wp-content\/uploads\/2025\/04\/IMG_8667_segregacja-na-budowie-1024x683.jpg 1024w, https:\/\/kajima.pl\/dzienziemi\/wp-content\/uploads\/2025\/04\/IMG_8667_segregacja-na-budowie-768x512.jpg 768w, https:\/\/kajima.pl\/dzienziemi\/wp-content\/uploads\/2025\/04\/IMG_8667_segregacja-na-budowie-1536x1024.jpg 1536w\" sizes=\"auto, (max-width: 1920px) 100vw, 1920px\" \/>            <\/div>\r\n          <\/div>\r\n          <\/div>\r\n<\/div>\r\n<\/div><\/div>\n\n\n\n<div id=\"segregacja-odpadow\" class=\"wp-block-group has-background\" style=\"background-color:#f6f6f6\"><div class=\"wp-block-group__inner-container is-layout-constrained wp-block-group-is-layout-constrained\"><div id=\"section-two-column-block_6e40ad0c2efb9795b91f8bef561aa34f\" class=\"section-two-column\">\r\n  <div class=\"row g-4 g-lg-5\" data-reveal-on-scroll=\"zoom\">\r\n              <div class=\"section-two-column__col section-two-column__col-image col-lg-6\">\r\n            <div class=\"section-two-column__image-container\">\r\n              <img loading=\"lazy\" decoding=\"async\" width=\"1171\" height=\"794\" src=\"https:\/\/kajima.pl\/dzienziemi\/wp-content\/uploads\/2025\/04\/IMG_4205-sm.jpg\" class=\"section-two-column__image\" alt=\"\" srcset=\"https:\/\/kajima.pl\/dzienziemi\/wp-content\/uploads\/2025\/04\/IMG_4205-sm.jpg 1171w, https:\/\/kajima.pl\/dzienziemi\/wp-content\/uploads\/2025\/04\/IMG_4205-sm-300x203.jpg 300w, https:\/\/kajima.pl\/dzienziemi\/wp-content\/uploads\/2025\/04\/IMG_4205-sm-1024x694.jpg 1024w, https:\/\/kajima.pl\/dzienziemi\/wp-content\/uploads\/2025\/04\/IMG_4205-sm-768x521.jpg 768w\" sizes=\"auto, (max-width: 1171px) 100vw, 1171px\" \/>            <\/div>\r\n          <\/div>\r\n                  <div class=\"section-two-column__col section-two-column__col-content col-lg-6\">\r\n            <div class=\"section-two-column__content\">\r\n                              <div class=\"overtitle\">Segregacja odpad\u00f3w<\/div>\r\n                              <h2 class=\"section-two-column__subtitle \">W\u0142a\u015bciwej segregacji odpad\u00f3w uczymy wszystkich naszych podwykonawc\u00f3w.<\/h2>\r\n                              <div class=\"divider section-two-column__divider\"><\/div>\r\n                            <div class=\"section-two-column__desc mb-2\"><p>Robimy to w trakcie Szkole\u0144 Wprowadzaj\u0105cych przeprowadzanych dla ka\u017cdego nowego podwykonawcy.<\/p>\n<p>Na szkoleniach opowiadamy, jak segregowa\u0107 opakowania po materia\u0142ach budowlanych, jak post\u0119powa\u0107 z odpadami niebezpiecznymi czy jak przygotowa\u0107 do utylizacji zu\u017cyty sorbent*(materia\u0142 poch\u0142aniaj\u0105cy chemikalia).<\/p>\n<p>Ilo\u015b\u0107 odpad\u00f3w budowalnych zmniejszamy r\u00f3wnie\u017c dzi\u0119ki w\u0142a\u015bciwemu przechowywaniu i u\u017cytkowaniu materia\u0142\u00f3w budowlanych.<\/p>\n<\/div>\r\n                          <\/div>\r\n          <\/div>\r\n        <\/div>\r\n<\/div>\r\n<\/div><\/div>\n\n\n\n<div id=\"firmy-zewnetrzne\" class=\"wp-block-group\"><div class=\"wp-block-group__inner-container is-layout-constrained wp-block-group-is-layout-constrained\"><div id=\"section-two-column-block_ca46fb4b783644564a05903c61fb223c\" class=\"section-two-column\">\r\n  <div class=\"row g-4 g-lg-5\" data-reveal-on-scroll=\"zoom\">\r\n              <div class=\"section-two-column__col section-two-column__col-content col-lg-6\">\r\n            <div class=\"section-two-column__content\">\r\n                              <div class=\"overtitle\">Zu\u017cyte ubrania<\/div>\r\n                              <h2 class=\"section-two-column__subtitle \">Zu\u017cyte ubrania ochronne i banery z budowy \u015bwietnie nadaj\u0105 si\u0119 na torby, saszetki, nerki i inne przydatne drobiazgi. W tej formie wracaj\u0105 do nas.<\/h2>\r\n                              <div class=\"divider section-two-column__divider\"><\/div>\r\n                            <div class=\"section-two-column__desc mb-2\"><p>Do tej pory pozyskali\u015bmy w ten spos\u00f3b ponad 300 gad\u017cet\u00f3w uszytych przez zaprzyja\u017anion\u0105 sp\u00f3\u0142dzielni\u0119 krawieck\u0105 ZEROBAN. To przyk\u0142ad udanej kooperacji z lokalnym przedsi\u0119biorc\u0105.<\/p>\n<\/div>\r\n                          <\/div>\r\n          <\/div>\r\n                <div class=\"section-two-column__col section-two-column__col-image col-lg-6\">\r\n            <div class=\"section-two-column__image-container\">\r\n              <img loading=\"lazy\" decoding=\"async\" width=\"1200\" height=\"800\" src=\"https:\/\/kajima.pl\/dzienziemi\/wp-content\/uploads\/2025\/04\/P1034212_Torby-z-banerow.jpg\" class=\"section-two-column__image\" alt=\"\" srcset=\"https:\/\/kajima.pl\/dzienziemi\/wp-content\/uploads\/2025\/04\/P1034212_Torby-z-banerow.jpg 1200w, https:\/\/kajima.pl\/dzienziemi\/wp-content\/uploads\/2025\/04\/P1034212_Torby-z-banerow-300x200.jpg 300w, https:\/\/kajima.pl\/dzienziemi\/wp-content\/uploads\/2025\/04\/P1034212_Torby-z-banerow-1024x683.jpg 1024w, https:\/\/kajima.pl\/dzienziemi\/wp-content\/uploads\/2025\/04\/P1034212_Torby-z-banerow-768x512.jpg 768w\" sizes=\"auto, (max-width: 1200px) 100vw, 1200px\" \/>            <\/div>\r\n          <\/div>\r\n          <\/div>\r\n<\/div>\r\n<\/div><\/div>\n\n\n<div id=\"qoute-bg-block_63ea45c82bba1c788e7d21c707f7001f\" class=\"background__container qoute-bg\">\r\n  <div class=\"background__image qoute-bg__image\">\r\n    <img loading=\"lazy\" decoding=\"async\" width=\"1620\" height=\"600\" src=\"https:\/\/kajima.pl\/dzienziemi\/wp-content\/uploads\/2025\/04\/DSC8273_MN_odpady-w-biurze-budowy.jpg\" class=\"attachment-full size-full\" alt=\"\" srcset=\"https:\/\/kajima.pl\/dzienziemi\/wp-content\/uploads\/2025\/04\/DSC8273_MN_odpady-w-biurze-budowy.jpg 1620w, https:\/\/kajima.pl\/dzienziemi\/wp-content\/uploads\/2025\/04\/DSC8273_MN_odpady-w-biurze-budowy-300x111.jpg 300w, https:\/\/kajima.pl\/dzienziemi\/wp-content\/uploads\/2025\/04\/DSC8273_MN_odpady-w-biurze-budowy-1024x379.jpg 1024w, https:\/\/kajima.pl\/dzienziemi\/wp-content\/uploads\/2025\/04\/DSC8273_MN_odpady-w-biurze-budowy-768x284.jpg 768w, https:\/\/kajima.pl\/dzienziemi\/wp-content\/uploads\/2025\/04\/DSC8273_MN_odpady-w-biurze-budowy-1536x569.jpg 1536w\" sizes=\"auto, (max-width: 1620px) 100vw, 1620px\" \/>  <\/div>\r\n  <div class=\"background__overlay qoute-bg__overlay\"><\/div>\r\n  <div class=\"background__content qoute-bg__content container\">\r\n    <div class=\"qoute-bg__text-and-icons-container mt-0\">\r\n              <h2 class=\"qoute-bg__title mt-0\">Odpad\u00f3w z biura budowy nie \u0142\u0105czymy z odpadami budowlanymi.<\/h2>\r\n        <div class=\"qoute-bg__divider divider\"><\/div>\r\n            <div class=\"qoute-bg__icon qoute-bg__icon--left\"><img decoding=\"async\" src=\"\" class=\"\"><\/div>\r\n      <div class=\"qoute-bg__text\"><p>Odpady z biura budowy s\u0105 odpadami komunalnymi,\u00a0 dlatego zabiera je od nas obiorca odpad\u00f3w komunalnych.<\/p>\n<\/div>\r\n      <div class=\"qoute-bg__icon qoute-bg__icon--right\"><img decoding=\"async\" src=\"\" class=\"\"><\/div>\r\n    <\/div>\r\n      <\/div>\r\n<\/div>\n\n\n<div id=\"proces\" class=\"wp-block-group\"><div class=\"wp-block-group__inner-container is-layout-constrained wp-block-group-is-layout-constrained\"><div id=\"section-two-column-block_57dfd0c366be0c95a9ed2002c11a670d\" class=\"section-two-column\">\r\n  <div class=\"row g-4 g-lg-5\" data-reveal-on-scroll=\"zoom\">\r\n              <div class=\"section-two-column__col section-two-column__col-content col-lg-6\">\r\n            <div class=\"section-two-column__content\">\r\n                              <div class=\"overtitle\">Edukacja<\/div>\r\n                              <h2 class=\"section-two-column__subtitle \">Gospodarka odpadami na budowach jest z\u0142o\u017conym procesem, wymagaj\u0105cym du\u017cej wiedzy oraz determinacji w poszukiwaniu ciekawych i praktycznych rozwi\u0105za\u0144.<\/h2>\r\n                              <div class=\"divider section-two-column__divider\"><\/div>\r\n                            <div class=\"section-two-column__desc mb-2\"><p>T\u0119 wiedz\u0119 r\u00f3wnie\u017c przekazujemy studentom na spotkaniach edukacyjnych w ramach projektu Builder For the Young Engineers (w kooperacji z magazynem Builder Polska).<\/p>\n<\/div>\r\n                          <\/div>\r\n          <\/div>\r\n                <div class=\"section-two-column__col section-two-column__col-image col-lg-6\">\r\n            <div class=\"section-two-column__image-container\">\r\n              <img loading=\"lazy\" decoding=\"async\" width=\"1200\" height=\"800\" src=\"https:\/\/kajima.pl\/dzienziemi\/wp-content\/uploads\/2025\/04\/MG_9633A_STUDENCI.jpg\" class=\"section-two-column__image\" alt=\"\" srcset=\"https:\/\/kajima.pl\/dzienziemi\/wp-content\/uploads\/2025\/04\/MG_9633A_STUDENCI.jpg 1200w, https:\/\/kajima.pl\/dzienziemi\/wp-content\/uploads\/2025\/04\/MG_9633A_STUDENCI-300x200.jpg 300w, https:\/\/kajima.pl\/dzienziemi\/wp-content\/uploads\/2025\/04\/MG_9633A_STUDENCI-1024x683.jpg 1024w, https:\/\/kajima.pl\/dzienziemi\/wp-content\/uploads\/2025\/04\/MG_9633A_STUDENCI-768x512.jpg 768w\" sizes=\"auto, (max-width: 1200px) 100vw, 1200px\" \/>            <\/div>\r\n          <\/div>\r\n          <\/div>\r\n<\/div>\r\n<\/div><\/div>\n","protected":false},"excerpt":{"rendered":"","protected":false},"author":1,"featured_media":0,"parent":0,"menu_order":0,"comment_status":"closed","ping_status":"closed","template":"","meta":{"_acf_changed":false,"inline_featured_image":false,"footnotes":""},"class_list":["post-6","page","type-page","status-publish","hentry"],"acf":[],"lang":"pl","translations":{"pl":6,"en":161},"pll_sync_post":[],"_links":{"self":[{"href":"https:\/\/kajima.pl\/dzienziemi\/wp-json\/wp\/v2\/pages\/6","targetHints":{"allow":["GET"]}}],"collection":[{"href":"https:\/\/kajima.pl\/dzienziemi\/wp-json\/wp\/v2\/pages"}],"about":[{"href":"https:\/\/kajima.pl\/dzienziemi\/wp-json\/wp\/v2\/types\/page"}],"author":[{"embeddable":true,"href":"https:\/\/kajima.pl\/dzienziemi\/wp-json\/wp\/v2\/users\/1"}],"replies":[{"embeddable":true,"href":"https:\/\/kajima.pl\/dzienziemi\/wp-json\/wp\/v2\/comments?post=6"}],"version-history":[{"count":132,"href":"https:\/\/kajima.pl\/dzienziemi\/wp-json\/wp\/v2\/pages\/6\/revisions"}],"predecessor-version":[{"id":226,"href":"https:\/\/kajima.pl\/dzienziemi\/wp-json\/wp\/v2\/pages\/6\/revisions\/226"}],"wp:attachment":[{"href":"https:\/\/kajima.pl\/dzienziemi\/wp-json\/wp\/v2\/media?parent=6"}],"curies":[{"name":"wp","href":"https:\/\/api.w.org\/{rel}","templated":true}]}}